{"id":1073,"date":"2021-02-07T19:00:26","date_gmt":"2021-02-07T19:00:26","guid":{"rendered":"https:\/\/nomadebarcelona.com\/tarifs\/"},"modified":"2025-06-10T13:45:30","modified_gmt":"2025-06-10T13:45:30","slug":"tarifs","status":"publish","type":"page","link":"https:\/\/nomadebarcelona.com\/fr\/tarifs\/","title":{"rendered":"Tarifs"},"content":{"rendered":"<p><div class=\"fusion-fullwidth fullwidth-box fusion-builder-row-1 fusion-flex-container nonhundred-percent-fullwidth non-hundred-percent-height-scrolling fusion-animated\" style=\"background-color: #f4f4f4;background-position: center center;background-repeat: no-repeat;background-blend-mode: overlay;border-width: 0px 0px 0px 0px;border-color:#eae9e9;border-style:solid;\" data-animationType=\"slideInUp\" data-animationDuration=\"0.8\" data-animationOffset=\"100%\" ><div class=\"fusion-builder-row fusion-row fusion-flex-align-items-flex-start\" style=\"max-width:104%;margin-left: calc(-4% \/ 2 );margin-right: calc(-4% \/ 2 );\"><div class=\"fusion-layout-column fusion_builder_column fusion-builder-column-0 fusion_builder_column_1_1 1_1 fusion-flex-column\"><div class=\"fusion-column-wrapper fusion-flex-justify-content-flex-start fusion-content-layout-column\" style=\"background-position:left top;background-repeat:no-repeat;-webkit-background-size:cover;-moz-background-size:cover;-o-background-size:cover;background-size:cover;padding: 0px 0px 40px 0px;\"><style type=\"text\/css\">@media only screen and (max-width:1024px) {.fusion-title.fusion-title-1{margin-top:0px!important;margin-bottom:0px!important;}}<\/style><div class=\"fusion-title title fusion-title-1 fusion-sep-none fusion-title-center fusion-title-text fusion-title-size-two\" style=\"margin-top:0px;margin-bottom:0px;\"><h2 class=\"title-heading-center\" style=\"margin:0;color:#616161;\">Tarifs<\/h2><\/div><\/div><\/div><style type=\"text\/css\">.fusion-body .fusion-builder-column-0{width:100% !important;margin-top : 0px;margin-bottom : 0px;}.fusion-builder-column-0 > .fusion-column-wrapper {padding-top : 0px !important;padding-right : 0px !important;margin-right : 1.92%;padding-bottom : 40px !important;padding-left : 0px !important;margin-left : 1.92%;}@media only screen and (max-width:1024px) {.fusion-body .fusion-builder-column-0{width:100% !important;}.fusion-builder-column-0 > .fusion-column-wrapper {margin-right : 1.92%;margin-left : 1.92%;}}@media only screen and (max-width:640px) {.fusion-body .fusion-builder-column-0{width:100% !important;}.fusion-builder-column-0 > .fusion-column-wrapper {margin-right : 1.92%;margin-left : 1.92%;}}<\/style><div class=\"fusion-layout-column fusion_builder_column fusion-builder-column-1 fusion_builder_column_1_2 1_2 fusion-flex-column fusion-column-inner-bg-wrapper fusion-animated\" data-animationType=\"slideInLeft\" data-animationDuration=\"0.3\" data-animationOffset=\"100%\"><div class=\"fusion-column-wrapper fusion-flex-justify-content-flex-start fusion-content-layout-column\" style=\"padding: 0px 0px 0px 0px;\"><div style=\"text-align:center;\"><div class=\"imageframe-liftup fusion-image-frame-bottomshadow image-frame-shadow-1\"><style>.element-bottomshadow.imageframe-1:before, .element-bottomshadow.imageframe-1:after{-webkit-box-shadow: 0 17px 10px rgba(0,0,0,0.4);box-shadow: 0 17px 10px rgba(0,0,0,0.4);}<\/style><span class=\" fusion-imageframe imageframe-bottomshadow imageframe-1 element-bottomshadow\" style=\"border:11px solid #ffffff;\"><img width=\"400\" height=\"600\" title=\"pexels-olya-kobruseva-5235846\" src=\"https:\/\/nomadebarcelona.com\/wp-content\/uploads\/2021\/01\/pexels-olya-kobruseva-5235846-400x600.jpg\" class=\"img-responsive wp-image-809\" srcset=\"https:\/\/nomadebarcelona.com\/wp-content\/uploads\/2021\/01\/pexels-olya-kobruseva-5235846-200x300.jpg 200w, https:\/\/nomadebarcelona.com\/wp-content\/uploads\/2021\/01\/pexels-olya-kobruseva-5235846-400x600.jpg 400w, https:\/\/nomadebarcelona.com\/wp-content\/uploads\/2021\/01\/pexels-olya-kobruseva-5235846-600x900.jpg 600w, https:\/\/nomadebarcelona.com\/wp-content\/uploads\/2021\/01\/pexels-olya-kobruseva-5235846-800x1200.jpg 800w, https:\/\/nomadebarcelona.com\/wp-content\/uploads\/2021\/01\/pexels-olya-kobruseva-5235846-1200x1800.jpg 1200w, https:\/\/nomadebarcelona.com\/wp-content\/uploads\/2021\/01\/pexels-olya-kobruseva-5235846-scaled.jpg 1707w\" sizes=\"(max-width: 1024px) 100vw, (max-width: 640px) 100vw, 1200px\" \/><\/span><\/div><\/div><div class=\"fusion-separator fusion-full-width-sep\" style=\"align-self: center;margin-left: auto;margin-right: auto;margin-top:10px;margin-bottom:10px;width:100%;\"><\/div><div class=\"fusion-text fusion-text-1\" style=\"text-align:center;font-size:1.5rem;line-height:1.5rem;color:#616161;font-family:&quot;Open Sans&quot;;font-weight:300;transform:translate3d(0,0,0);\"><p>Services de Chasse<\/p>\n<\/div><\/div><span class=\"fusion-column-inner-bg hover-type-none\"><a href=\"#chasse\"><span class=\"fusion-column-inner-bg-image\" style=\"background-position:left top;background-repeat:no-repeat;-webkit-background-size:cover;-moz-background-size:cover;-o-background-size:cover;background-size:cover;\"><\/span><\/a><\/span><\/div><style type=\"text\/css\">.fusion-body .fusion-builder-column-1{width:50% !important;margin-top : 0px;margin-bottom : 0px;}.fusion-builder-column-1 > .fusion-column-wrapper {padding-top : 0px !important;padding-right : 0px !important;margin-right : 3.84%;padding-bottom : 0px !important;padding-left : 0px !important;margin-left : 3.84%;}.fusion-flex-container .fusion-row .fusion-builder-column-1 > .fusion-column-inner-bg { margin-right:3.84%;margin-left:3.84%; }@media only screen and (max-width:1024px) {.fusion-body .fusion-builder-column-1{width:100% !important;order : 0;}.fusion-builder-column-1 > .fusion-column-wrapper {margin-right : 1.92%;margin-left : 1.92%;}.fusion-flex-container .fusion-row .fusion-builder-column-1 > .fusion-column-inner-bg { margin-right:1.92%;margin-left:1.92%; }}@media only screen and (max-width:640px) {.fusion-body .fusion-builder-column-1{width:100% !important;order : 0;}.fusion-builder-column-1 > .fusion-column-wrapper {margin-right : 1.92%;margin-left : 1.92%;}.fusion-flex-container .fusion-row .fusion-builder-column-1 > .fusion-column-inner-bg { margin-right:1.92%;margin-left:1.92%; }}<\/style><div class=\"fusion-layout-column fusion_builder_column fusion-builder-column-2 fusion_builder_column_1_2 1_2 fusion-flex-column fusion-column-inner-bg-wrapper fusion-animated\" data-animationType=\"slideInRight\" data-animationDuration=\"0.3\" data-animationOffset=\"100%\"><div class=\"fusion-column-wrapper fusion-flex-justify-content-flex-start fusion-content-layout-column\" style=\"padding: 0px 0px 0px 0px;\"><div style=\"text-align:center;\"><div class=\"imageframe-liftup fusion-image-frame-bottomshadow image-frame-shadow-2\"><style>.element-bottomshadow.imageframe-2:before, .element-bottomshadow.imageframe-2:after{-webkit-box-shadow: 0 17px 10px rgba(0,0,0,0.4);box-shadow: 0 17px 10px rgba(0,0,0,0.4);}<\/style><span class=\" fusion-imageframe imageframe-bottomshadow imageframe-2 element-bottomshadow\" style=\"border:11px solid #ffffff;\"><img width=\"400\" height=\"600\" title=\"renovation\" src=\"https:\/\/nomadebarcelona.com\/wp-content\/uploads\/2021\/02\/renovation-400x600.jpg\" class=\"img-responsive wp-image-892\" srcset=\"https:\/\/nomadebarcelona.com\/wp-content\/uploads\/2021\/02\/renovation-200x300.jpg 200w, https:\/\/nomadebarcelona.com\/wp-content\/uploads\/2021\/02\/renovation-400x600.jpg 400w, https:\/\/nomadebarcelona.com\/wp-content\/uploads\/2021\/02\/renovation-600x900.jpg 600w, https:\/\/nomadebarcelona.com\/wp-content\/uploads\/2021\/02\/renovation.jpg 800w\" sizes=\"(max-width: 1024px) 100vw, (max-width: 640px) 100vw, 400px\" \/><\/span><\/div><\/div><div class=\"fusion-separator fusion-full-width-sep\" style=\"align-self: center;margin-left: auto;margin-right: auto;margin-top:10px;margin-bottom:10px;width:100%;\"><\/div><div class=\"fusion-text fusion-text-2\" style=\"text-align:center;font-size:1.5rem;line-height:1.5rem;color:#616161;font-family:&quot;Open Sans&quot;;font-weight:300;transform:translate3d(0,0,0);\"><p>Service de R\u00e9novation<\/p>\n<\/div><\/div><span class=\"fusion-column-inner-bg hover-type-none\"><a href=\"#renovation\"><span class=\"fusion-column-inner-bg-image\" style=\"background-position:left top;background-repeat:no-repeat;-webkit-background-size:cover;-moz-background-size:cover;-o-background-size:cover;background-size:cover;\"><\/span><\/a><\/span><\/div><style type=\"text\/css\">.fusion-body .fusion-builder-column-2{width:50% !important;margin-top : 0px;margin-bottom : 0px;}.fusion-builder-column-2 > .fusion-column-wrapper {padding-top : 0px !important;padding-right : 0px !important;margin-right : 3.84%;padding-bottom : 0px !important;padding-left : 0px !important;margin-left : 3.84%;}.fusion-flex-container .fusion-row .fusion-builder-column-2 > .fusion-column-inner-bg { margin-right:3.84%;margin-left:3.84%; }@media only screen and (max-width:1024px) {.fusion-body .fusion-builder-column-2{width:100% !important;order : 0;}.fusion-builder-column-2 > .fusion-column-wrapper {margin-right : 1.92%;margin-left : 1.92%;}.fusion-flex-container .fusion-row .fusion-builder-column-2 > .fusion-column-inner-bg { margin-right:1.92%;margin-left:1.92%; }}@media only screen and (max-width:640px) {.fusion-body .fusion-builder-column-2{width:100% !important;order : 0;}.fusion-builder-column-2 > .fusion-column-wrapper {margin-right : 1.92%;margin-left : 1.92%;}.fusion-flex-container .fusion-row .fusion-builder-column-2 > .fusion-column-inner-bg { margin-right:1.92%;margin-left:1.92%; }}<\/style><\/div><style type=\"text\/css\">.fusion-body .fusion-flex-container.fusion-builder-row-1{ padding-top : 6%;margin-top : 0px;padding-right : 30px;padding-bottom : 6%;margin-bottom : 0px;padding-left : 30px;}<\/style><\/div><div id=\"chasse\"><div class=\"fusion-fullwidth fullwidth-box fusion-builder-row-2 fusion-flex-container nonhundred-percent-fullwidth non-hundred-percent-height-scrolling fusion-animated\" style=\"background-color: #faf0e6;background-position: center center;background-repeat: no-repeat;background-blend-mode: overlay;border-width: 0px 0px 0px 0px;border-color:#eae9e9;border-style:solid;\" data-animationType=\"slideInUp\" data-animationDuration=\"0.8\" data-animationOffset=\"100%\" ><div class=\"fusion-builder-row fusion-row fusion-flex-align-items-flex-start\" style=\"max-width:104%;margin-left: calc(-4% \/ 2 );margin-right: calc(-4% \/ 2 );\"><div class=\"fusion-layout-column fusion_builder_column fusion-builder-column-3 fusion_builder_column_1_2 1_2 fusion-flex-column fusion-flex-align-self-center fusion-animated\" data-animationType=\"slideInLeft\" data-animationDuration=\"0.7\" data-animationOffset=\"100%\"><div class=\"fusion-column-wrapper fusion-flex-justify-content-center fusion-content-layout-column\" style=\"background-position:left top;background-repeat:no-repeat;-webkit-background-size:cover;-moz-background-size:cover;-o-background-size:cover;background-size:cover;padding: 0px 0px 0px 0px;\"><div style=\"text-align:center;\"><div class=\"imageframe-liftup fusion-image-frame-bottomshadow image-frame-shadow-3\"><style>.element-bottomshadow.imageframe-3:before, .element-bottomshadow.imageframe-3:after{-webkit-box-shadow: 0 17px 10px rgba(0,0,0,0.4);box-shadow: 0 17px 10px rgba(0,0,0,0.4);}<\/style><span class=\" fusion-imageframe imageframe-bottomshadow imageframe-3 element-bottomshadow\" style=\"border:11px solid #ffffff;\"><img width=\"600\" height=\"900\" title=\"pexels-olya-kobruseva-5235846\" src=\"https:\/\/nomadebarcelona.com\/wp-content\/uploads\/2021\/01\/pexels-olya-kobruseva-5235846-600x900.jpg\" class=\"img-responsive wp-image-809\" srcset=\"https:\/\/nomadebarcelona.com\/wp-content\/uploads\/2021\/01\/pexels-olya-kobruseva-5235846-200x300.jpg 200w, https:\/\/nomadebarcelona.com\/wp-content\/uploads\/2021\/01\/pexels-olya-kobruseva-5235846-400x600.jpg 400w, https:\/\/nomadebarcelona.com\/wp-content\/uploads\/2021\/01\/pexels-olya-kobruseva-5235846-600x900.jpg 600w, https:\/\/nomadebarcelona.com\/wp-content\/uploads\/2021\/01\/pexels-olya-kobruseva-5235846-800x1200.jpg 800w, https:\/\/nomadebarcelona.com\/wp-content\/uploads\/2021\/01\/pexels-olya-kobruseva-5235846-1200x1800.jpg 1200w, https:\/\/nomadebarcelona.com\/wp-content\/uploads\/2021\/01\/pexels-olya-kobruseva-5235846-scaled.jpg 1707w\" sizes=\"(max-width: 1024px) 100vw, (max-width: 640px) 100vw, 1200px\" \/><\/span><\/div><\/div><\/div><\/div><style type=\"text\/css\">.fusion-body .fusion-builder-column-3{width:50% !important;margin-top : 0px;margin-bottom : 0px;}.fusion-builder-column-3 > .fusion-column-wrapper {padding-top : 0px !important;padding-right : 0px !important;margin-right : 3.84%;padding-bottom : 0px !important;padding-left : 0px !important;margin-left : 3.84%;}@media only screen and (max-width:1024px) {.fusion-body .fusion-builder-column-3{width:100% !important;order : 0;}.fusion-builder-column-3 > .fusion-column-wrapper {margin-right : 1.92%;margin-left : 1.92%;}}@media only screen and (max-width:640px) {.fusion-body .fusion-builder-column-3{width:100% !important;order : 0;}.fusion-builder-column-3 > .fusion-column-wrapper {margin-right : 1.92%;margin-left : 1.92%;}}<\/style><div class=\"fusion-layout-column fusion_builder_column fusion-builder-column-4 fusion_builder_column_1_2 1_2 fusion-flex-column fusion-flex-align-self-center fusion-animated\" data-animationType=\"slideInRight\" data-animationDuration=\"0.8\" data-animationOffset=\"100%\"><div class=\"fusion-column-wrapper fusion-flex-justify-content-flex-start fusion-content-layout-column\" style=\"background-position:left top;background-repeat:no-repeat;-webkit-background-size:cover;-moz-background-size:cover;-o-background-size:cover;background-size:cover;padding: 51px 0px 50px 0px;\"><div style=\"text-align:center;\"><span class=\" fusion-imageframe imageframe-none imageframe-4 hover-type-none\" style=\"width:100%;max-width:120px;margin-bottom:30px;\"><img width=\"200\" height=\"200\" title=\"binoculares\" src=\"https:\/\/nomadebarcelona.com\/wp-content\/uploads\/2021\/02\/binoculares-200x200.png\" class=\"img-responsive wp-image-924\" srcset=\"https:\/\/nomadebarcelona.com\/wp-content\/uploads\/2021\/02\/binoculares-200x200.png 200w, https:\/\/nomadebarcelona.com\/wp-content\/uploads\/2021\/02\/binoculares-400x400.png 400w, https:\/\/nomadebarcelona.com\/wp-content\/uploads\/2021\/02\/binoculares.png 512w\" sizes=\"(max-width: 1024px) 100vw, (max-width: 640px) 100vw, 200px\" \/><\/span><\/div><div class=\"fusion-text fusion-text-3\" style=\"text-align:center;color:#616161;transform:translate3d(0,0,0);\"><p style=\"text-align: center;\"><span style=\"color: #143c5a;\"><strong>Honoraires \u00abService Les Visites \u00bb<\/strong><\/span><\/p>\n<p style=\"text-align: center;\"><span style=\"color: #143c5a;\">Vous souhaitez vous occuper de la recherche, les annonces immobili\u00e8res n\u2019ont pas de secret pour vous, mais n\u2019\u00eates pas disponible pour effectuer les visites, On y va pour vous !<\/span><\/p>\n<p style=\"text-align: center;\"><span style=\"color: #e8c161;\">\u00ab Pack de 10 visites \u00bb <\/span>2200\u20ac *<\/p>\n<p style=\"text-align: center;\"><span style=\"color: #e8c161;\">\u00ab Quick fix \u00bb visite individuelle \u00a0<span style=\"color: #003366;\">4<\/span><\/span><span style=\"color: #003366;\">50<\/span>\u20ac *<\/p>\n<p style=\"text-align: center;\"><span style=\"color: #143c5a;\"><strong>Honoraires<\/strong> <strong>\u00ab Service de recherche accompagnement de A \u00e0 Z\u00bb<\/strong><\/span><\/p>\n<p style=\"text-align: center;\"><span style=\"color: #143c5a;\">Relax, on se charge de tout! De la recherche du bien \u00a0jusqu\u2019\u00e0 la signature de l\u2019acte de vente chez le Notaire<\/span><\/p>\n<p><span style=\"color: #143c5a;\"><b>4%<\/b><\/span><span style=\"color: #e8c161;\"> de la Valeur d&#8217;acquisition* si &lt; \u00e0 500.000 \u20ac<\/span> (pr\u00e9-paiement de 1500\u20ac* pour commencer les recherches, qui seront d\u00e9compt\u00e9 si achat) Montant minimum: 7900 \u20ac*.<\/p>\n<p><span style=\"color: #143c5a;\"><b>3% <\/b><\/span><span style=\"color: #e8c161;\">de la Valeur d\u2019acquisition* si comprise entre \u00a0500.000\u20ac \u00a0et \u00a01.000.000 \u20ac<\/span> (pr\u00e9-paiement de 1500\u20ac* pour commencer les recherches, qui seront d\u00e9compt\u00e9 si achat)<\/p>\n<p><span style=\"color: #143c5a;\"><b>2,5% <\/b><\/span><span style=\"color: #e8c161;\">de la Valeur d&#8217;acquisition* si &gt; \u00e0 1.000.000 \u20ac<\/span> (pr\u00e9-paiement de 1500\u20ac* pour commencer les recherches, qui seront d\u00e9compt\u00e9 si achat)<\/p>\n<p style=\"text-align: left;\">*montant honoraires hors TVA, pour un service en dehors de Barcelone, veuillez nous consulter.<\/p>\n<p style=\"text-align: center;\"><span style=\"color: #143c5a;\"><strong>\u2728NOUVEAU\u2728<\/strong>\u00a0<strong>\u00ab Service de recherche accompagnement de A \u00e0 Z \u00a0LOCATION\u00bb<\/strong><\/span><\/p>\n<p style=\"text-align: center;\"><span style=\"color: #143c5a;\">Trouver un logement en location \u00e0 Barcelone ces derni\u00e8res ann\u00e9es demande de relever de nombreux d\u00e9fis, nous avons d\u00e9cid\u00e9 \u00a0de vous accompagner pour vous faciliter cette odyss\u00e9e ! \u00c9tudiants, D\u00e9m\u00e9nagement, Relocation, nous avons 100 % de r\u00e9ussite. <\/span><span style=\"color: #143c5a;\">*veuillez nous consulter pour les tarifs.<\/span><\/p>\n<\/div><div class=\"fusion-text fusion-text-4\" style=\"transform:translate3d(0,0,0);\"><\/div><\/div><\/div><style type=\"text\/css\">.fusion-body .fusion-builder-column-4{width:50% !important;margin-top : 0px;margin-bottom : 0px;}.fusion-builder-column-4 > .fusion-column-wrapper {padding-top : 51px !important;padding-right : 0px !important;margin-right : 3.84%;padding-bottom : 50px !important;padding-left : 0px !important;margin-left : 3.84%;}@media only screen and (max-width:1024px) {.fusion-body .fusion-builder-column-4{width:100% !important;order : 0;}.fusion-builder-column-4 > .fusion-column-wrapper {margin-right : 1.92%;margin-left : 1.92%;}}@media only screen and (max-width:640px) {.fusion-body .fusion-builder-column-4{width:100% !important;order : 0;}.fusion-builder-column-4 > .fusion-column-wrapper {margin-right : 1.92%;margin-left : 1.92%;}}<\/style><\/div><style type=\"text\/css\">.fusion-body .fusion-flex-container.fusion-builder-row-2{ padding-top : 6%;margin-top : 0px;padding-right : 30px;padding-bottom : 6%;margin-bottom : 0px;padding-left : 30px;}<\/style><\/div><\/div><div id=\"renovation\"><div class=\"fusion-fullwidth fullwidth-box fusion-builder-row-3 fusion-flex-container nonhundred-percent-fullwidth non-hundred-percent-height-scrolling fusion-animated\" style=\"background-color: #f4f4f4;background-position: center center;background-repeat: no-repeat;background-blend-mode: overlay;border-width: 0px 0px 0px 0px;border-color:#eae9e9;border-style:solid;\" data-animationType=\"slideInUp\" data-animationDuration=\"0.8\" data-animationOffset=\"100%\" ><div class=\"fusion-builder-row fusion-row fusion-flex-align-items-flex-start\" style=\"max-width:104%;margin-left: calc(-4% \/ 2 );margin-right: calc(-4% \/ 2 );\"><div class=\"fusion-layout-column fusion_builder_column fusion-builder-column-5 fusion_builder_column_1_2 1_2 fusion-flex-column fusion-flex-align-self-center fusion-animated\" data-animationType=\"slideInLeft\" data-animationDuration=\"0.8\" data-animationOffset=\"100%\"><div class=\"fusion-column-wrapper fusion-flex-justify-content-flex-start fusion-content-layout-column\" style=\"background-position:left top;background-repeat:no-repeat;-webkit-background-size:cover;-moz-background-size:cover;-o-background-size:cover;background-size:cover;padding: 51px 0px 50px 0px;\"><div style=\"text-align:center;\"><span class=\" fusion-imageframe imageframe-none imageframe-5 hover-type-none\" style=\"width:100%;max-width:120px;margin-bottom:30px;\"><img width=\"200\" height=\"200\" title=\"service-de-renovation-rodillo\" src=\"https:\/\/nomadebarcelona.com\/wp-content\/uploads\/2021\/02\/service-de-renovation-rodillo-200x200.png\" class=\"img-responsive wp-image-925\" srcset=\"https:\/\/nomadebarcelona.com\/wp-content\/uploads\/2021\/02\/service-de-renovation-rodillo-200x200.png 200w, https:\/\/nomadebarcelona.com\/wp-content\/uploads\/2021\/02\/service-de-renovation-rodillo.png 300w\" sizes=\"(max-width: 1024px) 100vw, (max-width: 640px) 100vw, 200px\" \/><\/span><\/div><div class=\"fusion-text fusion-text-5\" style=\"text-align:center;color:#616161;transform:translate3d(0,0,0);\"><p>Chaque bien \u00e9tant unique, le service de r\u00e9novation ne peut proposer un prix unique !<\/p>\n<p>De ce fait, une fois votre cahier des charges \u00e9tabli, nous enverrons nos partenaires effectuer gratuitement le devis.<br \/>\nPour un maximum de transparence, ce dernier vous sera envoy\u00e9 avec la description compl\u00e8te de chacun des services.<\/p>\n<p style=\"text-align: center;\"><strong>Prestations de nos partenaires<\/strong><\/p>\n<p style=\"text-align: center;\">Electricit\u00e9<\/p>\n<p style=\"text-align: center;\">Plomberie<\/p>\n<p style=\"text-align: center;\">Ma\u00e7onnerie<\/p>\n<p style=\"text-align: center;\">Menuiserie<\/p>\n<p style=\"text-align: center;\">Peinture<\/p>\n<p style=\"text-align: center;\">Interior Design<\/p>\n<\/div><\/div><\/div><style type=\"text\/css\">.fusion-body .fusion-builder-column-5{width:50% !important;margin-top : 0px;margin-bottom : 0px;}.fusion-builder-column-5 > .fusion-column-wrapper {padding-top : 51px !important;padding-right : 0px !important;margin-right : 3.84%;padding-bottom : 50px !important;padding-left : 0px !important;margin-left : 3.84%;}@media only screen and (max-width:1024px) {.fusion-body .fusion-builder-column-5{width:100% !important;order : 0;}.fusion-builder-column-5 > .fusion-column-wrapper {margin-right : 1.92%;margin-left : 1.92%;}}@media only screen and (max-width:640px) {.fusion-body .fusion-builder-column-5{width:100% !important;order : 0;}.fusion-builder-column-5 > .fusion-column-wrapper {margin-right : 1.92%;margin-left : 1.92%;}}<\/style><div class=\"fusion-layout-column fusion_builder_column fusion-builder-column-6 fusion_builder_column_1_2 1_2 fusion-flex-column fusion-flex-align-self-center fusion-animated\" data-animationType=\"slideInRight\" data-animationDuration=\"0.3\" data-animationOffset=\"100%\"><div class=\"fusion-column-wrapper fusion-flex-justify-content-flex-start fusion-content-layout-column\" style=\"background-position:left top;background-repeat:no-repeat;-webkit-background-size:cover;-moz-background-size:cover;-o-background-size:cover;background-size:cover;padding: 0px 0px 0px 0px;\"><div style=\"text-align:center;\"><div class=\"imageframe-liftup fusion-image-frame-bottomshadow image-frame-shadow-6\"><style>.element-bottomshadow.imageframe-6:before, .element-bottomshadow.imageframe-6:after{-webkit-box-shadow: 0 17px 10px rgba(0,0,0,0.4);box-shadow: 0 17px 10px rgba(0,0,0,0.4);}<\/style><span class=\" fusion-imageframe imageframe-bottomshadow imageframe-6 element-bottomshadow\" style=\"border:11px solid #ffffff;\"><img width=\"600\" height=\"900\" title=\"renovation\" src=\"https:\/\/nomadebarcelona.com\/wp-content\/uploads\/2021\/02\/renovation-600x900.jpg\" class=\"img-responsive wp-image-892\" srcset=\"https:\/\/nomadebarcelona.com\/wp-content\/uploads\/2021\/02\/renovation-200x300.jpg 200w, https:\/\/nomadebarcelona.com\/wp-content\/uploads\/2021\/02\/renovation-400x600.jpg 400w, https:\/\/nomadebarcelona.com\/wp-content\/uploads\/2021\/02\/renovation-600x900.jpg 600w, https:\/\/nomadebarcelona.com\/wp-content\/uploads\/2021\/02\/renovation.jpg 800w\" sizes=\"(max-width: 1024px) 100vw, (max-width: 640px) 100vw, 600px\" \/><\/span><\/div><\/div><\/div><\/div><style type=\"text\/css\">.fusion-body .fusion-builder-column-6{width:50% !important;margin-top : 0px;margin-bottom : 0px;}.fusion-builder-column-6 > .fusion-column-wrapper {padding-top : 0px !important;padding-right : 0px !important;margin-right : 3.84%;padding-bottom : 0px !important;padding-left : 0px !important;margin-left : 3.84%;}@media only screen and (max-width:1024px) {.fusion-body .fusion-builder-column-6{width:100% !important;order : 0;}.fusion-builder-column-6 > .fusion-column-wrapper {margin-right : 1.92%;margin-left : 1.92%;}}@media only screen and (max-width:640px) {.fusion-body .fusion-builder-column-6{width:100% !important;order : 0;}.fusion-builder-column-6 > .fusion-column-wrapper {margin-right : 1.92%;margin-left : 1.92%;}}<\/style><\/div><style type=\"text\/css\">.fusion-body .fusion-flex-container.fusion-builder-row-3{ padding-top : 6%;margin-top : 0px;padding-right : 30px;padding-bottom : 6%;margin-bottom : 0px;padding-left : 30px;}<\/style><\/div><\/div><\/p>\n","protected":false},"excerpt":{"rendered":"","protected":false},"author":1,"featured_media":0,"parent":0,"menu_order":0,"comment_status":"closed","ping_status":"closed","template":"100-width.php","meta":[],"_links":{"self":[{"href":"https:\/\/nomadebarcelona.com\/fr\/wp-json\/wp\/v2\/pages\/1073"}],"collection":[{"href":"https:\/\/nomadebarcelona.com\/fr\/wp-json\/wp\/v2\/pages"}],"about":[{"href":"https:\/\/nomadebarcelona.com\/fr\/wp-json\/wp\/v2\/types\/page"}],"author":[{"embeddable":true,"href":"https:\/\/nomadebarcelona.com\/fr\/wp-json\/wp\/v2\/users\/1"}],"replies":[{"embeddable":true,"href":"https:\/\/nomadebarcelona.com\/fr\/wp-json\/wp\/v2\/comments?post=1073"}],"version-history":[{"count":17,"href":"https:\/\/nomadebarcelona.com\/fr\/wp-json\/wp\/v2\/pages\/1073\/revisions"}],"predecessor-version":[{"id":1380,"href":"https:\/\/nomadebarcelona.com\/fr\/wp-json\/wp\/v2\/pages\/1073\/revisions\/1380"}],"wp:attachment":[{"href":"https:\/\/nomadebarcelona.com\/fr\/wp-json\/wp\/v2\/media?parent=1073"}],"curies":[{"name":"wp","href":"https:\/\/api.w.org\/{rel}","templated":true}]}}